{"id":2,"date":"2025-03-14T22:42:29","date_gmt":"2025-03-14T22:42:29","guid":{"rendered":"https:\/\/admon-jjh.com.mx\/?page_id=2"},"modified":"2025-03-19T23:31:32","modified_gmt":"2025-03-19T23:31:32","slug":"sample-page","status":"publish","type":"page","link":"https:\/\/admon-jjh.com.mx\/index.php\/sample-page\/","title":{"rendered":"Quienes Somos"},"content":{"rendered":"\n<div class=\"wp-block-stackable-columns alignfull stk-block-columns stk-block stk-46a5810 stk-block-background\" data-block-id=\"46a5810\"><style>.stk-46a5810 {min-height:900px !important;align-items:center !important;display:flex !important;}<\/style><div class=\"stk-row stk-inner-blocks stk-block-content stk-content-align stk-46a5810-column alignwide\">\n<div class=\"wp-block-stackable-column stk-block-column stk-column stk-block stk-16f5e88\" data-v=\"4\" data-block-id=\"16f5e88\"><div class=\"stk-column-wrapper stk-block-column__content stk-container stk-16f5e88-container stk--no-background stk--no-padding\"><div class=\"stk-block-content stk-inner-blocks stk-16f5e88-inner-blocks\">\n<div class=\"wp-block-stackable-columns stk-block-columns stk-block stk-9958e60\" data-block-id=\"9958e60\"><style>.stk-9958e60-column{--stk-column-gap:48px !important;}<\/style><div class=\"stk-row stk-inner-blocks stk-block-content stk-content-align stk-9958e60-column\">\n<div class=\"wp-block-stackable-column stk-block-column stk-column stk-block stk-d0da2c3\" data-v=\"4\" data-block-id=\"d0da2c3\"><div class=\"stk-column-wrapper stk-block-column__content stk-container stk-d0da2c3-container stk--no-background stk--no-padding\"><div class=\"stk-block-content stk-inner-blocks stk-d0da2c3-inner-blocks\">\n<figure class=\"wp-block-image size-large\"><img loading=\"lazy\" decoding=\"async\" width=\"1024\" height=\"662\" src=\"https:\/\/admon-jjh.com.mx\/wp-content\/uploads\/2025\/03\/1657037824116-1024x662.jpg\" alt=\"\" class=\"wp-image-62\" srcset=\"https:\/\/admon-jjh.com.mx\/wp-content\/uploads\/2025\/03\/1657037824116-1024x662.jpg 1024w, https:\/\/admon-jjh.com.mx\/wp-content\/uploads\/2025\/03\/1657037824116-300x194.jpg 300w, https:\/\/admon-jjh.com.mx\/wp-content\/uploads\/2025\/03\/1657037824116-768x497.jpg 768w, https:\/\/admon-jjh.com.mx\/wp-content\/uploads\/2025\/03\/1657037824116.jpg 1113w\" sizes=\"auto, (max-width: 1024px) 100vw, 1024px\" \/><\/figure>\n<\/div><\/div><\/div>\n\n\n\n<div class=\"wp-block-stackable-column stk-block-column stk-column stk-block stk-6299eec\" data-v=\"4\" data-block-id=\"6299eec\"><style>.stk-6299eec-inner-blocks{justify-content:center !important;}.stk-6299eec-container{display:flex !important;}<\/style><div class=\"stk-column-wrapper stk-block-column__content stk-container stk-6299eec-container stk--no-background stk--no-padding\"><div class=\"stk-block-content stk-inner-blocks stk-6299eec-inner-blocks\">\n<div class=\"wp-block-stackable-heading stk-block-heading stk-block-heading--v2 stk-block stk-e0f01a3\" id=\"quienes-somos\" data-block-id=\"e0f01a3\"><h2 class=\"stk-block-heading__text\">Quienes Somos<\/h2><\/div>\n\n\n\n<div class=\"wp-block-stackable-text stk-block-text stk-block stk-ef781d3\" data-block-id=\"ef781d3\"><p class=\"stk-block-text__text\"><strong>con la misi\u00f3n de ayudar a las empresas l\u00edderes<\/strong>\u00a0de la regi\u00f3n a crecer y desarrollar sus negocios, poniendo a su alcance pr\u00e1cticas de negocio, metodolog\u00edas y servicios de consultor\u00eda de primera calidad, integrando la experiencia de sus consultores, las m\u00e1s recientes tendencias en administraci\u00f3n y la generaci\u00f3n de conocimiento interno<\/p><\/div>\n<\/div><\/div><\/div>\n<\/div><\/div>\n\n\n\n<div class=\"wp-block-stackable-divider stk-block-divider stk-block stk-f88f263\" data-block-id=\"f88f263\"><style>.stk-f88f263 hr.stk-block-divider__hr{width:100% !important;}<\/style><hr class=\"stk-block-divider__hr\"\/><\/div>\n\n\n\n<div class=\"wp-block-stackable-columns stk-block-columns stk-block stk-1110c44\" data-block-id=\"1110c44\"><div class=\"stk-row stk-inner-blocks stk-block-content stk-content-align stk-1110c44-column\">\n<div class=\"wp-block-stackable-column stk-block-column stk-column stk-block stk-19f75d4\" data-v=\"4\" data-block-id=\"19f75d4\"><div class=\"stk-column-wrapper stk-block-column__content stk-container stk-19f75d4-container stk--no-background stk--no-padding\"><div class=\"stk-block-content stk-inner-blocks stk-19f75d4-inner-blocks\">\n<div class=\"wp-block-stackable-icon-label stk-block-icon-label stk-block stk-6d0f565\" data-block-id=\"6d0f565\"><div class=\"stk-row stk-inner-blocks stk-block-content\">\n<div class=\"wp-block-stackable-icon stk-block-icon has-text-align-left stk-block stk-703656d\" data-block-id=\"703656d\"><span class=\"stk--svg-wrapper\"><div class=\"stk--inner-svg\"><svg style=\"height:0;width:0\"><defs><linearGradient id=\"linear-gradient-703656d\" x1=\"0\" x2=\"100%\" y1=\"0\" y2=\"0\"><stop offset=\"0%\" style=\"stop-opacity:1;stop-color:var(--linear-gradient-703656-d-color-1)\"><\/stop><stop offset=\"100%\" style=\"stop-opacity:1;stop-color:var(--linear-gradient-703656-d-color-2)\"><\/stop><\/linearGradient><\/defs><\/svg><svg data-prefix=\"fa\" data-icon=\"star\" class=\"svg-inline--fa fa-star fa-w-18\" xmlns=\"http:\/\/www.w3.org\/2000\/svg\" viewBox=\"0 0 576 512\" aria-hidden=\"true\" width=\"32\" height=\"32\"><path fill=\"currentColor\" d=\"M259.3 17.8L194 150.2 47.9 171.5c-26.2 3.8-36.7 36.1-17.7 54.6l105.7 103-25 145.5c-4.5 26.3 23.2 46 46.4 33.7L288 439.6l130.7 68.7c23.2 12.2 50.9-7.4 46.4-33.7l-25-145.5 105.7-103c19-18.5 8.5-50.8-17.7-54.6L382 150.2 316.7 17.8c-11.7-23.6-45.6-23.9-57.4 0z\"><\/path><\/svg><\/div><\/span><\/div>\n\n\n\n<div class=\"wp-block-stackable-heading stk-block-heading stk-block-heading--v2 stk-block stk-242016a\" id=\"filosofia-br-sumando-esfuerzos-y-tomando-decisiones-de-manera-individual-o-colectiva-aunado-al-trabajo-que-realizamos-en-equipo-con-nuestros-clientes\" data-block-id=\"242016a\"><h5 class=\"stk-block-heading__text\">Filosofia<br>Sumando esfuerzos y tomando decisiones, de manera individual o colectiva, aunado al trabajo que realizamos en equipo con nuestros clientes<\/h5><\/div>\n<\/div><\/div>\n<\/div><\/div><\/div>\n\n\n\n<div class=\"wp-block-stackable-column stk-block-column stk-column stk-block stk-d91f259\" data-v=\"4\" data-block-id=\"d91f259\"><div class=\"stk-column-wrapper stk-block-column__content stk-container stk-d91f259-container stk--no-background stk--no-padding\"><div class=\"stk-block-content stk-inner-blocks stk-d91f259-inner-blocks\">\n<div class=\"wp-block-stackable-icon-label stk-block-icon-label stk-block stk-5c748b8\" data-block-id=\"5c748b8\"><div class=\"stk-row stk-inner-blocks stk-block-content\">\n<div class=\"wp-block-stackable-icon stk-block-icon has-text-align-left stk-block stk-4112737\" data-block-id=\"4112737\"><span class=\"stk--svg-wrapper\"><div class=\"stk--inner-svg\"><svg style=\"height:0;width:0\"><defs><linearGradient id=\"linear-gradient-4112737\" x1=\"0\" x2=\"100%\" y1=\"0\" y2=\"0\"><stop offset=\"0%\" style=\"stop-opacity:1;stop-color:var(--linear-gradient-4112737-color-1)\"><\/stop><stop offset=\"100%\" style=\"stop-opacity:1;stop-color:var(--linear-gradient-4112737-color-2)\"><\/stop><\/linearGradient><\/defs><\/svg><svg data-prefix=\"fa\" data-icon=\"star\" class=\"svg-inline--fa fa-star fa-w-18\" xmlns=\"http:\/\/www.w3.org\/2000\/svg\" viewBox=\"0 0 576 512\" aria-hidden=\"true\" width=\"32\" height=\"32\"><path fill=\"currentColor\" d=\"M259.3 17.8L194 150.2 47.9 171.5c-26.2 3.8-36.7 36.1-17.7 54.6l105.7 103-25 145.5c-4.5 26.3 23.2 46 46.4 33.7L288 439.6l130.7 68.7c23.2 12.2 50.9-7.4 46.4-33.7l-25-145.5 105.7-103c19-18.5 8.5-50.8-17.7-54.6L382 150.2 316.7 17.8c-11.7-23.6-45.6-23.9-57.4 0z\"><\/path><\/svg><\/div><\/span><\/div>\n\n\n\n<div class=\"wp-block-stackable-heading stk-block-heading stk-block-heading--v2 stk-block stk-1b8aef1\" id=\"mision-br-ayudar-a-los-lideres-de-empresas-y-organizaciones-a-crecer-y-desarrollarse-br-desarrollar-y-formar-lideres-profesionales\" data-block-id=\"1b8aef1\"><h5 class=\"stk-block-heading__text\">Mision<br>Ayudar a los l\u00edderes de empresas y organizaciones, a crecer y desarrollarse.<br>Desarrollar y formar l\u00edderes profesionales<\/h5><\/div>\n<\/div><\/div>\n<\/div><\/div><\/div>\n\n\n\n<div class=\"wp-block-stackable-column stk-block-column stk-column stk-block stk-077cc7c\" data-v=\"4\" data-block-id=\"077cc7c\"><div class=\"stk-column-wrapper stk-block-column__content stk-container stk-077cc7c-container stk--no-background stk--no-padding\"><div class=\"stk-block-content stk-inner-blocks stk-077cc7c-inner-blocks\">\n<div class=\"wp-block-stackable-icon-label stk-block-icon-label stk-block stk-af898f1\" data-block-id=\"af898f1\"><div class=\"stk-row stk-inner-blocks stk-block-content\">\n<div class=\"wp-block-stackable-icon stk-block-icon has-text-align-left stk-block stk-5137bbb\" data-block-id=\"5137bbb\"><span class=\"stk--svg-wrapper\"><div class=\"stk--inner-svg\"><svg style=\"height:0;width:0\"><defs><linearGradient id=\"linear-gradient-5137bbb\" x1=\"0\" x2=\"100%\" y1=\"0\" y2=\"0\"><stop offset=\"0%\" style=\"stop-opacity:1;stop-color:var(--linear-gradient-5137-bbb-color-1)\"><\/stop><stop offset=\"100%\" style=\"stop-opacity:1;stop-color:var(--linear-gradient-5137-bbb-color-2)\"><\/stop><\/linearGradient><\/defs><\/svg><svg data-prefix=\"fa\" data-icon=\"star\" class=\"svg-inline--fa fa-star fa-w-18\" xmlns=\"http:\/\/www.w3.org\/2000\/svg\" viewBox=\"0 0 576 512\" aria-hidden=\"true\" width=\"32\" height=\"32\"><path fill=\"currentColor\" d=\"M259.3 17.8L194 150.2 47.9 171.5c-26.2 3.8-36.7 36.1-17.7 54.6l105.7 103-25 145.5c-4.5 26.3 23.2 46 46.4 33.7L288 439.6l130.7 68.7c23.2 12.2 50.9-7.4 46.4-33.7l-25-145.5 105.7-103c19-18.5 8.5-50.8-17.7-54.6L382 150.2 316.7 17.8c-11.7-23.6-45.6-23.9-57.4 0z\"><\/path><\/svg><\/div><\/span><\/div>\n\n\n\n<div class=\"wp-block-stackable-heading stk-block-heading stk-block-heading--v2 stk-block stk-e956146\" id=\"valores-br-estamos-convencidos-que-para-lograr-nuestro-proposito-y-nuestros-compromisos-con-nuestros-clientes\" data-block-id=\"e956146\"><h5 class=\"stk-block-heading__text\">Valores<br>estamos convencidos que, para lograr nuestro prop\u00f3sito y nuestros compromisos con nuestros clientes<\/h5><\/div>\n<\/div><\/div>\n<\/div><\/div><\/div>\n<\/div><\/div>\n<\/div><\/div><\/div>\n<\/div><\/div>\n\n\n\n<p><\/p>\n","protected":false},"excerpt":{"rendered":"<p>Quienes Somos con la misi\u00f3n de ayudar a las empresas l\u00edderes\u00a0de la regi\u00f3n a crecer y desarrollar sus negocios, poniendo a su alcance pr\u00e1cticas de negocio, metodolog\u00edas y servicios de consultor\u00eda de primera calidad, integrando la experiencia de sus consultores, las m\u00e1s recientes tendencias en administraci\u00f3n y la generaci\u00f3n de conocimiento interno FilosofiaSumando esfuerzos y [&hellip;]<\/p>\n","protected":false},"author":1,"featured_media":0,"parent":0,"menu_order":0,"comment_status":"closed","ping_status":"closed","template":"","meta":{"footnotes":""},"class_list":["post-2","page","type-page","status-publish","hentry"],"blocksy_meta":{"has_hero_section":"disabled","styles_descriptor":{"styles":{"desktop":"","tablet":"","mobile":""},"google_fonts":[],"version":6},"page_structure_type":"type-3"},"_links":{"self":[{"href":"https:\/\/admon-jjh.com.mx\/index.php\/wp-json\/wp\/v2\/pages\/2","targetHints":{"allow":["GET"]}}],"collection":[{"href":"https:\/\/admon-jjh.com.mx\/index.php\/wp-json\/wp\/v2\/pages"}],"about":[{"href":"https:\/\/admon-jjh.com.mx\/index.php\/wp-json\/wp\/v2\/types\/page"}],"author":[{"embeddable":true,"href":"https:\/\/admon-jjh.com.mx\/index.php\/wp-json\/wp\/v2\/users\/1"}],"replies":[{"embeddable":true,"href":"https:\/\/admon-jjh.com.mx\/index.php\/wp-json\/wp\/v2\/comments?post=2"}],"version-history":[{"count":5,"href":"https:\/\/admon-jjh.com.mx\/index.php\/wp-json\/wp\/v2\/pages\/2\/revisions"}],"predecessor-version":[{"id":65,"href":"https:\/\/admon-jjh.com.mx\/index.php\/wp-json\/wp\/v2\/pages\/2\/revisions\/65"}],"wp:attachment":[{"href":"https:\/\/admon-jjh.com.mx\/index.php\/wp-json\/wp\/v2\/media?parent=2"}],"curies":[{"name":"wp","href":"https:\/\/api.w.org\/{rel}","templated":true}]}}