{"id":15,"date":"2025-03-18T19:43:24","date_gmt":"2025-03-18T19:43:24","guid":{"rendered":"https:\/\/admon-jjh.com.mx\/?page_id=15"},"modified":"2025-03-19T23:29:54","modified_gmt":"2025-03-19T23:29:54","slug":"inicio","status":"publish","type":"page","link":"https:\/\/admon-jjh.com.mx\/","title":{"rendered":"Inicio"},"content":{"rendered":"\n<div class=\"wp-block-stackable-columns alignwide stk-block-columns stk-block stk-3479924\" data-block-id=\"3479924\"><div class=\"stk-row stk-inner-blocks stk-block-content stk-content-align stk-3479924-column alignwide\">\n<div class=\"wp-block-stackable-column stk-block-column stk-column stk-block stk-c67f3b5\" data-v=\"4\" data-block-id=\"c67f3b5\"><div class=\"stk-column-wrapper stk-block-column__content stk-container stk-c67f3b5-container stk--no-background stk--no-padding\"><div class=\"stk-block-content stk-inner-blocks stk-c67f3b5-inner-blocks\">\n<div class=\"wp-block-stackable-heading stk-block-heading stk-block-heading--v2 stk-block stk-67f33b7\" id=\"resolvemos-problemas-transformando-los-limites-de-las-empresas-en-crecimiento-y-desarrollo\" data-block-id=\"67f33b7\"><h2 class=\"stk-block-heading__text has-text-align-center\">Resolvemos problemas, transformando los l\u00edmites de las empresas en crecimiento y desarrollo.<\/h2><\/div>\n\n\n\n<div class=\"wp-block-stackable-columns stk-block-columns stk-block stk-e0ac8f8\" data-block-id=\"e0ac8f8\"><style>.stk-e0ac8f8-column{--stk-column-gap:32px !important;}<\/style><div class=\"stk-row stk-inner-blocks stk-block-content stk-content-align stk-e0ac8f8-column\">\n<div class=\"wp-block-stackable-column stk-block-column stk-column stk-block stk-edad825\" data-v=\"4\" data-block-id=\"edad825\"><style>.stk-edad825-container{margin-top:0px !important;margin-right:0px !important;margin-bottom:0px !important;margin-left:0px !important;}<\/style><div class=\"stk-column-wrapper stk-block-column__content stk-container stk-edad825-container stk--no-background stk--no-padding\"><div class=\"stk-block-content stk-inner-blocks stk-edad825-inner-blocks\">\n<div class=\"wp-block-stackable-card stk-block-card stk-block stk-ed05eca is-style-default\" data-v=\"2\" data-block-id=\"ed05eca\"><div class=\"stk--no-padding stk-container stk-ed05eca-container stk--no-background stk--no-padding\"><figure class=\"stk-block-card__image stk-img-wrapper stk-image--shape-stretch\"><img loading=\"lazy\" decoding=\"async\" class=\"stk-img wp-image-26\" src=\"https:\/\/admon-jjh.com.mx\/wp-content\/uploads\/2025\/03\/Sin-titulo-1-1.jpg\" width=\"275\" height=\"183\"\/><\/figure><div class=\"stk-block-card__content\"><div class=\"stk-block-content stk-inner-blocks stk-ed05eca-inner-blocks\">\n<div class=\"wp-block-stackable-heading stk-block-heading stk-block-heading--v2 stk-block stk-3bdbd71\" id=\"consultoria-empresarial-a-la-medida\" data-block-id=\"3bdbd71\"><h3 class=\"stk-block-heading__text\">Consultor\u00eda empresarial a la medida<\/h3><\/div>\n\n\n\n<div class=\"wp-block-stackable-text stk-block-text stk-block stk-2eb3721\" data-block-id=\"2eb3721\"><p class=\"stk-block-text__text\">Es un <strong>servicio especializado<\/strong> que se enfoca en brindar asesoramiento estrat\u00e9gico y soluciones personalizadas a las empresas para mejorar su desempe\u00f1o y lograr sus objetivos.&nbsp;<\/p><\/div>\n\n\n\n<p>La <strong>consultor\u00eda empresarial<\/strong> abarca una amplia gama de \u00e1reas, como estrategia de negocio, gesti\u00f3n financiera, operaciones, procesos, capital humano, entre otros.<\/p>\n\n\n\n<p>Se centra en analizar a fondo la estructura y el funcionamiento de una empresa, evaluar su posici\u00f3n en el mercado, identificar obst\u00e1culos y proponer soluciones adaptadas a sus necesidades espec\u00edficas.<\/p>\n\n\n\n<p>Una empresa puede beneficiarse de una perspectiva externa imparcial, as\u00ed como de la experiencia y conocimientos especializados que pueden no estar disponibles internamente. Esto permite obtener una ventaja competitiva, aumentar su eficiencia, desarrollar estrategias efectivas,optimizar su productividad y alcanzar resultados exitosos en un entorno empresarial cada vez m\u00e1s complejo y desafiante.<\/p>\n<\/div><\/div><\/div><\/div>\n<\/div><\/div><\/div>\n\n\n\n<div class=\"wp-block-stackable-column stk-block-column stk-column stk-block stk-b38ae7f\" data-v=\"4\" data-block-id=\"b38ae7f\"><style>.stk-b38ae7f-container{margin-top:0px !important;margin-right:0px !important;margin-bottom:0px !important;margin-left:0px !important;}<\/style><div class=\"stk-column-wrapper stk-block-column__content stk-container stk-b38ae7f-container stk--no-background stk--no-padding\"><div class=\"stk-block-content stk-inner-blocks stk-b38ae7f-inner-blocks\">\n<div class=\"wp-block-stackable-card stk-block-card stk-block stk-10b388d is-style-horizontal\" data-v=\"2\" data-block-id=\"10b388d\"><style>.stk-10b388d .stk-block-card__content{padding-left:24px !important;}.stk-10b388d .stk-block-card__image{width:150px !important;}@media screen and (max-width:689px){.stk-10b388d .stk-block-card__image{width:100px !important;}}<\/style><div class=\"stk--no-padding stk-container stk-10b388d-container stk--no-background stk--no-padding\"><figure class=\"stk-block-card__image stk-img-wrapper stk-image--shape-stretch\"><img loading=\"lazy\" decoding=\"async\" class=\"stk-img wp-image-29\" src=\"https:\/\/admon-jjh.com.mx\/wp-content\/uploads\/2025\/03\/imagen-1.png\" width=\"272\" height=\"235\"\/><\/figure><div class=\"stk-block-card__content\"><div class=\"stk-block-content stk-inner-blocks stk-10b388d-inner-blocks\">\n<div class=\"wp-block-stackable-heading stk-block-heading stk-block-heading--v2 stk-block stk-d3e0430\" id=\"objetivos\" data-block-id=\"d3e0430\"><h3 class=\"stk-block-heading__text\">Objetivos<\/h3><\/div>\n\n\n\n<div class=\"wp-block-stackable-subtitle stk-block-subtitle stk-block stk-c5576f2\" data-block-id=\"c5576f2\"><style>.stk-c5576f2 {margin-bottom:25px !important;}<\/style><p class=\"stk-block-subtitle__text stk-subtitle\">Identificar \u00e1reas de mejora en la empresa <\/p><\/div>\n\n\n\n<p>Plantear soluciones a la medida para cada necesidad<\/p>\n\n\n\n<p>Impulsar el crecimiento y rentabilidad de la empresa<\/p>\n\n\n\n<p> Mejorar la toma de decisiones para mayor efectividad<\/p>\n\n\n\n<p> Facilitar y agilizar el cambio y adaptaci\u00f3n<\/p>\n<\/div><\/div><\/div><\/div>\n\n\n\n<div class=\"wp-block-stackable-card stk-block-card stk-block stk-937cad9 is-style-horizontal\" data-v=\"2\" data-block-id=\"937cad9\"><style>.stk-937cad9 .stk-block-card__content{padding-left:24px !important;}.stk-937cad9 .stk-block-card__image{width:150px !important;}@media screen and (max-width:689px){.stk-937cad9 .stk-block-card__image{width:100px !important;}}<\/style><div class=\"stk--no-padding stk-container stk-937cad9-container stk--no-background stk--no-padding\"><figure class=\"stk-block-card__image stk-img-wrapper stk-image--shape-stretch\"><img loading=\"lazy\" decoding=\"async\" class=\"stk-img wp-image-33\" src=\"https:\/\/admon-jjh.com.mx\/wp-content\/uploads\/2025\/03\/images.jpg\" width=\"243\" height=\"207\"\/><\/figure><div class=\"stk-block-card__content\"><div class=\"stk-block-content stk-inner-blocks stk-937cad9-inner-blocks\">\n<div class=\"wp-block-stackable-heading stk-block-heading stk-block-heading--v2 stk-block stk-fec4f3f\" id=\"tipos-de-consultoria\" data-block-id=\"fec4f3f\"><h3 class=\"stk-block-heading__text\">Tipos de Consultor\u00eda<\/h3><\/div>\n\n\n\n<p><strong>Consultor\u00eda de procesos:<\/strong> Se enfoca en mejorar la eficiencia, calidad y rentabilidad de los procesos empresariales mediante el an\u00e1lisis, dise\u00f1o, implementaci\u00f3n y monitoreo de soluciones espec\u00edficas. Su objetivo es lograr una mayor productividad, reducci\u00f3n de costos, satisfacci\u00f3n del cliente y ventaja competitiva para la organizaci\u00f3n. <\/p>\n\n\n\n<p><strong>Consultor\u00eda estrat\u00e9gica:<\/strong> Se centra en el an\u00e1lisis de la situaci\u00f3n actual y la formulaci\u00f3n de estrategias empresariales a corto, mediano y largo plazo, ayudando a identificar metas, definir visi\u00f3n, establecer los objetivos estrat\u00e9gicos y definir tanto las acciones como proyectos estrat\u00e9gicos que nos permitan lograrlos. <\/p>\n\n\n\n<p><strong>Consultor\u00eda de gesti\u00f3n:<\/strong> Se enfoca en implementar una cultura de an\u00e1lisis, supervisi\u00f3n y gesti\u00f3n, orientada a mejorar la eficiencia y efectividad de la organizaci\u00f3n a base de una mejor toma de decisiones y resoluci\u00f3n de situaciones tanto diarias como peri\u00f3dicas. Esto implica definir de manera clara las m\u00e9tricas y KPI&#8217;s que ayudar\u00e1n a visualizar los resultados, medir el desempe\u00f1o y a orientar a resultados para lograr los objetivos dando seguimiento puntual a los planes de acci\u00f3n. <\/p>\n\n\n\n<p><strong>Consultor\u00eda de capital humano:<\/strong> Se concentra en el desarrollo y gesti\u00f3n del capital humano de una organizaci\u00f3n. Incluye aspectos como reclutamiento y selecci\u00f3n de personal, capacitaci\u00f3n y desarrollo, evaluaci\u00f3n del desempe\u00f1o, dise\u00f1o de programas de compensaci\u00f3n y beneficios, gesti\u00f3n del cambio y cultura organizativa.<\/p>\n<\/div><\/div><\/div><\/div>\n\n\n\n<div class=\"wp-block-stackable-card stk-block-card stk-block stk-2632133 is-style-horizontal\" data-v=\"2\" data-block-id=\"2632133\"><style>.stk-2632133 .stk-block-card__content{padding-left:24px !important;}.stk-2632133 .stk-block-card__image{width:150px !important;}@media screen and (max-width:689px){.stk-2632133 .stk-block-card__image{width:100px !important;}}<\/style><div class=\"stk--no-padding stk-container stk-2632133-container stk--no-background stk--no-padding\"><figure class=\"stk-block-card__image stk-img-wrapper stk-image--shape-stretch\"><img loading=\"lazy\" decoding=\"async\" class=\"stk-img wp-image-34\" src=\"https:\/\/admon-jjh.com.mx\/wp-content\/uploads\/2025\/03\/1575738053464.jpg\" width=\"1280\" height=\"720\" srcset=\"https:\/\/admon-jjh.com.mx\/wp-content\/uploads\/2025\/03\/1575738053464.jpg 1280w, https:\/\/admon-jjh.com.mx\/wp-content\/uploads\/2025\/03\/1575738053464-300x169.jpg 300w, https:\/\/admon-jjh.com.mx\/wp-content\/uploads\/2025\/03\/1575738053464-1024x576.jpg 1024w, https:\/\/admon-jjh.com.mx\/wp-content\/uploads\/2025\/03\/1575738053464-768x432.jpg 768w\" sizes=\"auto, (max-width: 1280px) 100vw, 1280px\" \/><\/figure><div class=\"stk-block-card__content\"><div class=\"stk-block-content stk-inner-blocks stk-2632133-inner-blocks\">\n<div class=\"wp-block-stackable-heading stk-block-heading stk-block-heading--v2 stk-block stk-8df15a6\" id=\"pasos-a-seguir\" data-block-id=\"8df15a6\"><h3 class=\"stk-block-heading__text\">Pasos a Seguir<\/h3><\/div>\n\n\n\n<div class=\"wp-block-stackable-subtitle stk-block-subtitle stk-block stk-b998328\" data-block-id=\"b998328\"><style>.stk-b998328 {margin-bottom:4px !important;}<\/style><p class=\"stk-block-subtitle__text stk-subtitle\"><strong>Descubrimiento:<\/strong> Nos ponemos en contacto para levantar tu necesidad y entender la problem\u00e1tica para definir un alcance y construir una propuesta<\/p><\/div>\n\n\n\n<p><strong>Diagnostico:<\/strong> Levantamos la situaci\u00f3n actual de la organizaci\u00f3n, identificamos \u00e1reas de oportunidad y su impacto.<\/p>\n\n\n\n<p><strong>Dise\u00f1o:<\/strong> Aplicamos los programas necesarios en Estrategia, Gesti\u00f3n, Procesos y Recursos humanos para dar soluci\u00f3n, empujando el uso de tecnolog\u00eda, para posteriormente capacitar.<\/p>\n\n\n\n<p><strong>Implementaci\u00f3n:<\/strong> Implementamos hombro a hombro con tus colaboradores la soluci\u00f3n, midiendo los resultados de los cambios y por \u00faltimo, documentamos.<\/p>\n<\/div><\/div><\/div><\/div>\n<\/div><\/div><\/div>\n<\/div><\/div>\n<\/div><\/div><\/div>\n<\/div><\/div>\n\n\n\n<p><\/p>\n","protected":false},"excerpt":{"rendered":"<p>Resolvemos problemas, transformando los l\u00edmites de las empresas en crecimiento y desarrollo. Consultor\u00eda empresarial a la medida Es un servicio especializado que se enfoca en brindar asesoramiento estrat\u00e9gico y soluciones personalizadas a las empresas para mejorar su desempe\u00f1o y lograr sus objetivos.&nbsp; La consultor\u00eda empresarial abarca una amplia gama de \u00e1reas, como estrategia de negocio, [&hellip;]<\/p>\n","protected":false},"author":1,"featured_media":0,"parent":0,"menu_order":0,"comment_status":"closed","ping_status":"closed","template":"","meta":{"footnotes":""},"class_list":["post-15","page","type-page","status-publish","hentry"],"blocksy_meta":{"has_hero_section":"disabled","styles_descriptor":{"styles":{"desktop":"","tablet":"","mobile":""},"google_fonts":[],"version":6},"page_structure_type":"type-3"},"_links":{"self":[{"href":"https:\/\/admon-jjh.com.mx\/index.php\/wp-json\/wp\/v2\/pages\/15","targetHints":{"allow":["GET"]}}],"collection":[{"href":"https:\/\/admon-jjh.com.mx\/index.php\/wp-json\/wp\/v2\/pages"}],"about":[{"href":"https:\/\/admon-jjh.com.mx\/index.php\/wp-json\/wp\/v2\/types\/page"}],"author":[{"embeddable":true,"href":"https:\/\/admon-jjh.com.mx\/index.php\/wp-json\/wp\/v2\/users\/1"}],"replies":[{"embeddable":true,"href":"https:\/\/admon-jjh.com.mx\/index.php\/wp-json\/wp\/v2\/comments?post=15"}],"version-history":[{"count":13,"href":"https:\/\/admon-jjh.com.mx\/index.php\/wp-json\/wp\/v2\/pages\/15\/revisions"}],"predecessor-version":[{"id":45,"href":"https:\/\/admon-jjh.com.mx\/index.php\/wp-json\/wp\/v2\/pages\/15\/revisions\/45"}],"wp:attachment":[{"href":"https:\/\/admon-jjh.com.mx\/index.php\/wp-json\/wp\/v2\/media?parent=15"}],"curies":[{"name":"wp","href":"https:\/\/api.w.org\/{rel}","templated":true}]}}